{"id":47,"date":"2021-10-04T16:29:19","date_gmt":"2021-10-04T14:29:19","guid":{"rendered":"https:\/\/tech.si\/wp2021\/?page_id=47"},"modified":"2021-12-15T12:13:15","modified_gmt":"2021-12-15T11:13:15","slug":"it-vzdrzevanje","status":"publish","type":"page","link":"https:\/\/tech.si\/wp2021\/it-vzdrzevanje\/","title":{"rendered":"Vzdr\u017eevanje IT"},"content":{"rendered":"\t\t<div data-elementor-type=\"wp-page\" data-elementor-id=\"47\" class=\"elementor elementor-47\">\n\t\t\t\t\t\t\t\t\t<section class=\"elementor-section elementor-top-section elementor-element elementor-element-1be1f021 elementor-section-boxed elementor-section-height-default elementor-section-height-default\" data-id=\"1be1f021\" data-element_type=\"section\">\n\t\t\t\t\t\t<div class=\"elementor-container elementor-column-gap-default\">\n\t\t\t\t\t<div class=\"elementor-column elementor-col-100 elementor-top-column elementor-element elementor-element-199c5a14\" data-id=\"199c5a14\" data-element_type=\"column\">\n\t\t\t<div class=\"elementor-widget-wrap elementor-element-populated\">\n\t\t\t\t\t\t\t\t<div class=\"elementor-element elementor-element-1ba6b15d elementor-widget elementor-widget-heading\" data-id=\"1ba6b15d\" data-element_type=\"widget\" data-widget_type=\"heading.default\">\n\t\t\t\t<div class=\"elementor-widget-container\">\n\t\t\t<style>\/*! elementor - v3.13.3 - 28-05-2023 *\/\n.elementor-heading-title{padding:0;margin:0;line-height:1}.elementor-widget-heading .elementor-heading-title[class*=elementor-size-]>a{color:inherit;font-size:inherit;line-height:inherit}.elementor-widget-heading .elementor-heading-title.elementor-size-small{font-size:15px}.elementor-widget-heading .elementor-heading-title.elementor-size-medium{font-size:19px}.elementor-widget-heading .elementor-heading-title.elementor-size-large{font-size:29px}.elementor-widget-heading .elementor-heading-title.elementor-size-xl{font-size:39px}.elementor-widget-heading .elementor-heading-title.elementor-size-xxl{font-size:59px}<\/style><h2 class=\"elementor-heading-title elementor-size-default\">Vzdr\u017eevanje IT opreme<\/h2>\t\t<\/div>\n\t\t\t\t<\/div>\n\t\t\t\t<div class=\"elementor-element elementor-element-5f02e121 elementor-widget elementor-widget-spacer\" data-id=\"5f02e121\" data-element_type=\"widget\" data-widget_type=\"spacer.default\">\n\t\t\t\t<div class=\"elementor-widget-container\">\n\t\t\t<style>\/*! elementor - v3.13.3 - 28-05-2023 *\/\n.elementor-column .elementor-spacer-inner{height:var(--spacer-size)}.e-con{--container-widget-width:100%}.e-con-inner>.elementor-widget-spacer,.e-con>.elementor-widget-spacer{width:var(--container-widget-width,var(--spacer-size));--align-self:var(--container-widget-align-self,initial);--flex-shrink:0}.e-con-inner>.elementor-widget-spacer>.elementor-widget-container,.e-con-inner>.elementor-widget-spacer>.elementor-widget-container>.elementor-spacer,.e-con>.elementor-widget-spacer>.elementor-widget-container,.e-con>.elementor-widget-spacer>.elementor-widget-container>.elementor-spacer{height:100%}.e-con-inner>.elementor-widget-spacer>.elementor-widget-container>.elementor-spacer>.elementor-spacer-inner,.e-con>.elementor-widget-spacer>.elementor-widget-container>.elementor-spacer>.elementor-spacer-inner{height:var(--container-widget-height,var(--spacer-size))}<\/style>\t\t<div class=\"elementor-spacer\">\n\t\t\t<div class=\"elementor-spacer-inner\"><\/div>\n\t\t<\/div>\n\t\t\t\t<\/div>\n\t\t\t\t<\/div>\n\t\t\t\t\t<\/div>\n\t\t<\/div>\n\t\t\t\t\t\t\t<\/div>\n\t\t<\/section>\n\t\t\t\t<section class=\"elementor-section elementor-top-section elementor-element elementor-element-c055b15 elementor-section-boxed elementor-section-height-default elementor-section-height-default\" data-id=\"c055b15\" data-element_type=\"section\">\n\t\t\t\t\t\t<div class=\"elementor-container elementor-column-gap-default\">\n\t\t\t\t\t<div class=\"elementor-column elementor-col-100 elementor-top-column elementor-element elementor-element-2a56ee4\" data-id=\"2a56ee4\" data-element_type=\"column\">\n\t\t\t<div class=\"elementor-widget-wrap elementor-element-populated\">\n\t\t\t\t\t\t\t\t<div class=\"elementor-element elementor-element-5cd9a76 elementor-widget elementor-widget-text-editor\" data-id=\"5cd9a76\" data-element_type=\"widget\" data-widget_type=\"text-editor.default\">\n\t\t\t\t<div class=\"elementor-widget-container\">\n\t\t\t<style>\/*! elementor - v3.13.3 - 28-05-2023 *\/\n.elementor-widget-text-editor.elementor-drop-cap-view-stacked .elementor-drop-cap{background-color:#69727d;color:#fff}.elementor-widget-text-editor.elementor-drop-cap-view-framed .elementor-drop-cap{color:#69727d;border:3px solid;background-color:transparent}.elementor-widget-text-editor:not(.elementor-drop-cap-view-default) .elementor-drop-cap{margin-top:8px}.elementor-widget-text-editor:not(.elementor-drop-cap-view-default) .elementor-drop-cap-letter{width:1em;height:1em}.elementor-widget-text-editor .elementor-drop-cap{float:left;text-align:center;line-height:1;font-size:50px}.elementor-widget-text-editor .elementor-drop-cap-letter{display:inline-block}<\/style>\t\t\t\t<p>Spremembe na podro\u010dju ra\u010dunalni\u0161tva in informacijske tehnologije v zadnjih letih so kon\u010dno prinesle napredek v smislu, da za &#8220;normalno&#8221; uporabo ra\u010dunalnika ni ve\u010d potrebna &#8220;specializacija&#8221; in v kombinaciji z vsaj osnovnim proti-virusnim sistemom, ter ob\u010dasnim posodabljanjem tehni\u010dna pomo\u010d ni ve\u010d velikokrat potrebna.<br \/>\u010ce to velja predvsem za delovne postaje in osebne ra\u010dunalnike, pa so na drugi strani stre\u017eni\u0161ki sistemi, naprave v oblaku in druge posebne naprave, ter vse njihove kombinacije postale kompleksnej\u0161e in velikokrat zahtevajo napredno razumevanje tehnologije, da se lahko ustrezno varuje podatke, tako za skladnost z zakonodajo, kot tudi za lastno zmo\u017enost opravljanja dela ali dejavnosti.<\/p><p>Ker se je vloga informacijske tehnologije v tem \u010dasu tudi spremenila iz ob\u010dasnega pomo\u010dnika v osnovno delovno opremo, postaja vse bolj pomembno tudi nadzorovanje naprav, da pravo\u010dasno ugotovimo napako ali pomanjkljivo delovanje, tako da v primeru izpada delovanja ne ostanemo brez vsega.<\/p>\t\t\t\t\t\t<\/div>\n\t\t\t\t<\/div>\n\t\t\t\t\t<\/div>\n\t\t<\/div>\n\t\t\t\t\t\t\t<\/div>\n\t\t<\/section>\n\t\t\t\t<section class=\"elementor-section elementor-top-section elementor-element elementor-element-b2315a1 elementor-section-boxed elementor-section-height-default elementor-section-height-default\" data-id=\"b2315a1\" data-element_type=\"section\">\n\t\t\t\t\t\t<div class=\"elementor-container elementor-column-gap-default\">\n\t\t\t\t\t<div class=\"elementor-column elementor-col-100 elementor-top-column elementor-element elementor-element-29af384\" data-id=\"29af384\" data-element_type=\"column\">\n\t\t\t<div class=\"elementor-widget-wrap elementor-element-populated\">\n\t\t\t\t\t\t\t\t<div class=\"elementor-element elementor-element-4408f7b elementor-widget elementor-widget-image\" data-id=\"4408f7b\" data-element_type=\"widget\" data-widget_type=\"image.default\">\n\t\t\t\t<div class=\"elementor-widget-container\">\n\t\t\t<style>\/*! elementor - v3.13.3 - 28-05-2023 *\/\n.elementor-widget-image{text-align:center}.elementor-widget-image a{display:inline-block}.elementor-widget-image a img[src$=\".svg\"]{width:48px}.elementor-widget-image img{vertical-align:middle;display:inline-block}<\/style>\t\t\t\t\t\t\t\t\t\t\t\t<img loading=\"lazy\" decoding=\"async\" width=\"300\" height=\"200\" src=\"https:\/\/tech.si\/wp2021\/wp-content\/uploads\/2021\/12\/web_serv1-300x200.png\" class=\"attachment-medium size-medium wp-image-263\" alt=\"\" srcset=\"https:\/\/tech.si\/wp2021\/wp-content\/uploads\/2021\/12\/web_serv1-300x200.png 300w, https:\/\/tech.si\/wp2021\/wp-content\/uploads\/2021\/12\/web_serv1.png 500w\" sizes=\"auto, (max-width: 300px) 100vw, 300px\" \/>\t\t\t\t\t\t\t\t\t\t\t\t\t\t\t<\/div>\n\t\t\t\t<\/div>\n\t\t\t\t\t<\/div>\n\t\t<\/div>\n\t\t\t\t\t\t\t<\/div>\n\t\t<\/section>\n\t\t\t\t<section class=\"elementor-section elementor-top-section elementor-element elementor-element-9ae5f31 elementor-section-boxed elementor-section-height-default elementor-section-height-default\" data-id=\"9ae5f31\" data-element_type=\"section\">\n\t\t\t\t\t\t<div class=\"elementor-container elementor-column-gap-default\">\n\t\t\t\t\t<div class=\"elementor-column elementor-col-50 elementor-top-column elementor-element elementor-element-10227dd\" data-id=\"10227dd\" data-element_type=\"column\">\n\t\t\t<div class=\"elementor-widget-wrap elementor-element-populated\">\n\t\t\t\t\t\t\t\t<div class=\"elementor-element elementor-element-b317bc7 elementor-widget elementor-widget-heading\" data-id=\"b317bc7\" data-element_type=\"widget\" data-widget_type=\"heading.default\">\n\t\t\t\t<div class=\"elementor-widget-container\">\n\t\t\t<h2 class=\"elementor-heading-title elementor-size-default\">Storitve na opremi<\/h2>\t\t<\/div>\n\t\t\t\t<\/div>\n\t\t\t\t<div class=\"elementor-element elementor-element-0f1b77c elementor-widget elementor-widget-text-editor\" data-id=\"0f1b77c\" data-element_type=\"widget\" data-widget_type=\"text-editor.default\">\n\t\t\t\t<div class=\"elementor-widget-container\">\n\t\t\t\t\t\t\t<p>Storitve na opremi izvajamo glede na va\u0161e potrebe, tako da je ob nastanku te\u017eave najbolj\u0161e stopiti v stik z nami in bomo skupaj poskusili najti najbolj\u0161o re\u0161itev.<\/p><p>Izvajamo:<\/p><ul><li>odstranjevanje virusov, antivirusni programi<\/li><li>ponovno nalaganje operacijskih sistemov<\/li><li>namestive programov<\/li><li>namestitve gonilnikov<\/li><li>menjava komponent<\/li><li>nadgradnje<\/li><li>\u010di\u0161\u010denje notranjega hladilnika(prenosniki)<\/li><li>menjava in popravilo zaslonov<\/li><li>dobava in menjava ostalih delov<\/li><li>nastavitev omre\u017enih naprav in WiFi<\/li><\/ul><div>\u00a0<\/div><div>Po dogovoru vam lahko tudi dobavimo:<\/div><ul><li>ra\u010dunalniki, prenosniki, stre\u017eniki<\/li><li>monitorji, tiskalniki, zunanje enote<\/li><li>mre\u017ena oprema, NAS naprave<\/li><li>potro\u0161ni material<\/li><li>rezervni in nadomestni deli<\/li><\/ul>\t\t\t\t\t\t<\/div>\n\t\t\t\t<\/div>\n\t\t\t\t\t<\/div>\n\t\t<\/div>\n\t\t\t\t<div class=\"elementor-column elementor-col-50 elementor-top-column elementor-element elementor-element-9c28d02\" data-id=\"9c28d02\" data-element_type=\"column\">\n\t\t\t<div class=\"elementor-widget-wrap elementor-element-populated\">\n\t\t\t\t\t\t\t\t<div class=\"elementor-element elementor-element-1885786 elementor-widget elementor-widget-heading\" data-id=\"1885786\" data-element_type=\"widget\" data-widget_type=\"heading.default\">\n\t\t\t\t<div class=\"elementor-widget-container\">\n\t\t\t<h2 class=\"elementor-heading-title elementor-size-default\">Sistemske storitve<\/h2>\t\t<\/div>\n\t\t\t\t<\/div>\n\t\t\t\t<div class=\"elementor-element elementor-element-4bdac49 elementor-widget elementor-widget-text-editor\" data-id=\"4bdac49\" data-element_type=\"widget\" data-widget_type=\"text-editor.default\">\n\t\t\t\t<div class=\"elementor-widget-container\">\n\t\t\t\t\t\t\t<p>Sistemske storitve praviloma izvajamo na osnovi pogodbe, ker je le na ta na\u010din mo\u017ena povezava kriti\u010dnih naprav\/sistemov v na\u0161 nadzorni sistem, ter zagotovitev odzivnega \u010dasa in ureditev dostopa do podatkov.<\/p><p>Ponujamo:<\/p><ul><li>vzdr\u017eevanje<\/li><li>upravljanje stre\u017enikov<\/li><li>upravljanje mre\u017ene opreme<\/li><li>zagotovljen odzivni \u010das<\/li><\/ul><p>\u00a0<\/p><p>Svetujemo:<\/p><ul><li>nadgradnje in izbolj\u0161ave<\/li><li>licenciranje programov<\/li><li>optimizacija procesov<\/li><li>izobra\u017eevanje uporabnikov<\/li><\/ul>\t\t\t\t\t\t<\/div>\n\t\t\t\t<\/div>\n\t\t\t\t\t<\/div>\n\t\t<\/div>\n\t\t\t\t\t\t\t<\/div>\n\t\t<\/section>\n\t\t\t\t\t\t\t<\/div>\n\t\t","protected":false},"excerpt":{"rendered":"<p>Vzdr\u017eevanje IT opreme Spremembe na podro\u010dju ra\u010dunalni\u0161tva in informacijske tehnologije v zadnjih letih so kon\u010dno prinesle napredek v smislu, da za &#8220;normalno&#8221; uporabo ra\u010dunalnika ni ve\u010d potrebna &#8220;specializacija&#8221; in v kombinaciji z vsaj osnovnim proti-virusnim sistemom, ter ob\u010dasnim posodabljanjem tehni\u010dna pomo\u010d ni ve\u010d velikokrat potrebna.\u010ce to velja predvsem za delovne postaje in osebne ra\u010dunalnike, pa [&hellip;]<\/p>\n","protected":false},"author":1,"featured_media":0,"parent":0,"menu_order":0,"comment_status":"closed","ping_status":"closed","template":"","meta":{"footnotes":""},"class_list":["post-47","page","type-page","status-publish","hentry"],"_links":{"self":[{"href":"https:\/\/tech.si\/wp2021\/wp-json\/wp\/v2\/pages\/47","targetHints":{"allow":["GET"]}}],"collection":[{"href":"https:\/\/tech.si\/wp2021\/wp-json\/wp\/v2\/pages"}],"about":[{"href":"https:\/\/tech.si\/wp2021\/wp-json\/wp\/v2\/types\/page"}],"author":[{"embeddable":true,"href":"https:\/\/tech.si\/wp2021\/wp-json\/wp\/v2\/users\/1"}],"replies":[{"embeddable":true,"href":"https:\/\/tech.si\/wp2021\/wp-json\/wp\/v2\/comments?post=47"}],"version-history":[{"count":35,"href":"https:\/\/tech.si\/wp2021\/wp-json\/wp\/v2\/pages\/47\/revisions"}],"predecessor-version":[{"id":343,"href":"https:\/\/tech.si\/wp2021\/wp-json\/wp\/v2\/pages\/47\/revisions\/343"}],"wp:attachment":[{"href":"https:\/\/tech.si\/wp2021\/wp-json\/wp\/v2\/media?parent=47"}],"curies":[{"name":"wp","href":"https:\/\/api.w.org\/{rel}","templated":true}]}}