{"id":49,"date":"2021-10-04T16:30:15","date_gmt":"2021-10-04T14:30:15","guid":{"rendered":"https:\/\/tech.si\/wp2021\/?page_id=49"},"modified":"2021-12-30T12:10:57","modified_gmt":"2021-12-30T11:10:57","slug":"it-varnost","status":"publish","type":"page","link":"https:\/\/tech.si\/wp2021\/it-varnost\/","title":{"rendered":"IT varnost"},"content":{"rendered":"\t\t<div data-elementor-type=\"wp-page\" data-elementor-id=\"49\" class=\"elementor elementor-49\">\n\t\t\t\t\t\t\t\t\t<section class=\"elementor-section elementor-top-section elementor-element elementor-element-54e59fc6 elementor-section-boxed elementor-section-height-default elementor-section-height-default\" data-id=\"54e59fc6\" data-element_type=\"section\">\n\t\t\t\t\t\t<div class=\"elementor-container elementor-column-gap-default\">\n\t\t\t\t\t<div class=\"elementor-column elementor-col-100 elementor-top-column elementor-element elementor-element-ba611d9\" data-id=\"ba611d9\" data-element_type=\"column\">\n\t\t\t<div class=\"elementor-widget-wrap elementor-element-populated\">\n\t\t\t\t\t\t\t\t<div class=\"elementor-element elementor-element-6fffd9ad elementor-widget elementor-widget-heading\" data-id=\"6fffd9ad\" data-element_type=\"widget\" data-widget_type=\"heading.default\">\n\t\t\t\t<div class=\"elementor-widget-container\">\n\t\t\t<style>\/*! elementor - v3.13.3 - 28-05-2023 *\/\n.elementor-heading-title{padding:0;margin:0;line-height:1}.elementor-widget-heading .elementor-heading-title[class*=elementor-size-]>a{color:inherit;font-size:inherit;line-height:inherit}.elementor-widget-heading .elementor-heading-title.elementor-size-small{font-size:15px}.elementor-widget-heading .elementor-heading-title.elementor-size-medium{font-size:19px}.elementor-widget-heading .elementor-heading-title.elementor-size-large{font-size:29px}.elementor-widget-heading .elementor-heading-title.elementor-size-xl{font-size:39px}.elementor-widget-heading .elementor-heading-title.elementor-size-xxl{font-size:59px}<\/style><h2 class=\"elementor-heading-title elementor-size-default\">IT varnost<\/h2>\t\t<\/div>\n\t\t\t\t<\/div>\n\t\t\t\t<div class=\"elementor-element elementor-element-4762bb7f elementor-widget elementor-widget-spacer\" data-id=\"4762bb7f\" data-element_type=\"widget\" data-widget_type=\"spacer.default\">\n\t\t\t\t<div class=\"elementor-widget-container\">\n\t\t\t<style>\/*! elementor - v3.13.3 - 28-05-2023 *\/\n.elementor-column .elementor-spacer-inner{height:var(--spacer-size)}.e-con{--container-widget-width:100%}.e-con-inner>.elementor-widget-spacer,.e-con>.elementor-widget-spacer{width:var(--container-widget-width,var(--spacer-size));--align-self:var(--container-widget-align-self,initial);--flex-shrink:0}.e-con-inner>.elementor-widget-spacer>.elementor-widget-container,.e-con-inner>.elementor-widget-spacer>.elementor-widget-container>.elementor-spacer,.e-con>.elementor-widget-spacer>.elementor-widget-container,.e-con>.elementor-widget-spacer>.elementor-widget-container>.elementor-spacer{height:100%}.e-con-inner>.elementor-widget-spacer>.elementor-widget-container>.elementor-spacer>.elementor-spacer-inner,.e-con>.elementor-widget-spacer>.elementor-widget-container>.elementor-spacer>.elementor-spacer-inner{height:var(--container-widget-height,var(--spacer-size))}<\/style>\t\t<div class=\"elementor-spacer\">\n\t\t\t<div class=\"elementor-spacer-inner\"><\/div>\n\t\t<\/div>\n\t\t\t\t<\/div>\n\t\t\t\t<\/div>\n\t\t\t\t\t<\/div>\n\t\t<\/div>\n\t\t\t\t\t\t\t<\/div>\n\t\t<\/section>\n\t\t\t\t<section class=\"elementor-section elementor-top-section elementor-element elementor-element-a463e10 elementor-section-boxed elementor-section-height-default elementor-section-height-default\" data-id=\"a463e10\" data-element_type=\"section\">\n\t\t\t\t\t\t<div class=\"elementor-container elementor-column-gap-default\">\n\t\t\t\t\t<div class=\"elementor-column elementor-col-50 elementor-top-column elementor-element elementor-element-03cf77a\" data-id=\"03cf77a\" data-element_type=\"column\">\n\t\t\t<div class=\"elementor-widget-wrap elementor-element-populated\">\n\t\t\t\t\t\t\t\t<div class=\"elementor-element elementor-element-70105da elementor-widget elementor-widget-image\" data-id=\"70105da\" data-element_type=\"widget\" data-widget_type=\"image.default\">\n\t\t\t\t<div class=\"elementor-widget-container\">\n\t\t\t<style>\/*! elementor - v3.13.3 - 28-05-2023 *\/\n.elementor-widget-image{text-align:center}.elementor-widget-image a{display:inline-block}.elementor-widget-image a img[src$=\".svg\"]{width:48px}.elementor-widget-image img{vertical-align:middle;display:inline-block}<\/style>\t\t\t\t\t\t\t\t\t\t\t\t<img loading=\"lazy\" decoding=\"async\" width=\"300\" height=\"226\" src=\"https:\/\/tech.si\/wp2021\/wp-content\/uploads\/2021\/12\/ESET_NOD32-300x226.png\" class=\"attachment-medium size-medium wp-image-158\" alt=\"\" srcset=\"https:\/\/tech.si\/wp2021\/wp-content\/uploads\/2021\/12\/ESET_NOD32-300x226.png 300w, https:\/\/tech.si\/wp2021\/wp-content\/uploads\/2021\/12\/ESET_NOD32.png 689w\" sizes=\"auto, (max-width: 300px) 100vw, 300px\" \/>\t\t\t\t\t\t\t\t\t\t\t\t\t\t\t<\/div>\n\t\t\t\t<\/div>\n\t\t\t\t\t<\/div>\n\t\t<\/div>\n\t\t\t\t<div class=\"elementor-column elementor-col-50 elementor-top-column elementor-element elementor-element-71eda26\" data-id=\"71eda26\" data-element_type=\"column\">\n\t\t\t<div class=\"elementor-widget-wrap elementor-element-populated\">\n\t\t\t\t\t\t\t\t<div class=\"elementor-element elementor-element-b14e998 elementor-widget elementor-widget-text-editor\" data-id=\"b14e998\" data-element_type=\"widget\" data-widget_type=\"text-editor.default\">\n\t\t\t\t<div class=\"elementor-widget-container\">\n\t\t\t<style>\/*! elementor - v3.13.3 - 28-05-2023 *\/\n.elementor-widget-text-editor.elementor-drop-cap-view-stacked .elementor-drop-cap{background-color:#69727d;color:#fff}.elementor-widget-text-editor.elementor-drop-cap-view-framed .elementor-drop-cap{color:#69727d;border:3px solid;background-color:transparent}.elementor-widget-text-editor:not(.elementor-drop-cap-view-default) .elementor-drop-cap{margin-top:8px}.elementor-widget-text-editor:not(.elementor-drop-cap-view-default) .elementor-drop-cap-letter{width:1em;height:1em}.elementor-widget-text-editor .elementor-drop-cap{float:left;text-align:center;line-height:1;font-size:50px}.elementor-widget-text-editor .elementor-drop-cap-letter{display:inline-block}<\/style>\t\t\t\t<p>Kot na splo\u0161no velja za varnost, je tudi na podro\u010dju ra\u010dunalni\u0161ke in informacijske varnosti ravnanje uporabnika glavni rizi\u010dni faktor za nastanek te\u017eav, varnostnih incidentov, oku\u017eb in drugih ne\u017eelenih posledic na na\u0161i opremi. \u010ce na opremi (ra\u010dunalniku) delamo samo sami, potem je mo\u017enost tak\u0161nih dogodkov\u00a0 seveda manj\u0161a, \u0161e vedno pa ne moremo nadzorovati zadev, ki jih dobimo od &#8220;zunaj&#8221; preko USB klju\u010dkov, spominskih kartic, ter seveda email-ov.<\/p><p>Najbolj\u0161a obramba pred tak\u0161nimi nehotenimi incidenti je za\u0161\u010dita na izvoru, kar pomeni na ra\u010dunalniku, telefonu ali drugi napravi, kjer se lahko \u0161kodljive priponke, aplikacije\/programi prvi\u010d za\u017eenejo. \u010ce je tak\u0161en \u0161kodljiv vsiljivec \u017ee takoj onemogo\u010den, se ne more raz\u0161iriti po ra\u010dunalniku ali omre\u017eju, \u0161e naprednej\u0161a za\u0161\u010dita pa vas opozori \u017ee ko greste na spletno stran kjer bi lahko s \u0161kodljivo kodo pri\u0161li v stik.<\/p><p>Pri nas za ta namen na napravah uporabljamo ESET-ove izdelke \u017ee nekaj let, hkrati pa jih priporo\u010damo tudi na\u0161im strankam, saj se je po izku\u0161njah pri nekaterih\u00a0 bolj kriti\u010dnih, \u0161tevilo problemov zmanj\u0161alo za 80%. Glede na odli\u010dno razmerje cena\/zmogljivosti, stalno uvrstitvijo na sezname najzanesljivej\u0161ih varnostnih programov po \u0161tevilnih testih, ter dobre izku\u0161nje v preteklosti, pa ga priporo\u010damo tudi vam.<\/p>\t\t\t\t\t\t<\/div>\n\t\t\t\t<\/div>\n\t\t\t\t\t<\/div>\n\t\t<\/div>\n\t\t\t\t\t\t\t<\/div>\n\t\t<\/section>\n\t\t\t\t<section class=\"elementor-section elementor-top-section elementor-element elementor-element-8dd22df elementor-section-boxed elementor-section-height-default elementor-section-height-default\" data-id=\"8dd22df\" data-element_type=\"section\">\n\t\t\t\t\t\t<div class=\"elementor-container elementor-column-gap-default\">\n\t\t\t\t\t<div class=\"elementor-column elementor-col-50 elementor-top-column elementor-element elementor-element-8b86e4c\" data-id=\"8b86e4c\" data-element_type=\"column\">\n\t\t\t<div class=\"elementor-widget-wrap elementor-element-populated\">\n\t\t\t\t\t\t\t\t<div class=\"elementor-element elementor-element-82919e3 elementor-widget elementor-widget-heading\" data-id=\"82919e3\" data-element_type=\"widget\" data-widget_type=\"heading.default\">\n\t\t\t\t<div class=\"elementor-widget-container\">\n\t\t\t<h2 class=\"elementor-heading-title elementor-size-default\">Doma\u010da\/samostojna uporaba<\/h2>\t\t<\/div>\n\t\t\t\t<\/div>\n\t\t\t\t<div class=\"elementor-element elementor-element-1a64326 elementor-widget elementor-widget-text-editor\" data-id=\"1a64326\" data-element_type=\"widget\" data-widget_type=\"text-editor.default\">\n\t\t\t\t<div class=\"elementor-widget-container\">\n\t\t\t\t\t\t\t<p>Izdelki namenjeni uporabi po sistemu &#8220;nalo\u017ei in pozabi&#8221;, za uporabo doma ali ra\u010dunalnikih, ki niso skupinsko upravljani.<br><\/p>\t\t\t\t\t\t<\/div>\n\t\t\t\t<\/div>\n\t\t\t\t<div class=\"elementor-element elementor-element-68e0ff6 elementor-widget elementor-widget-spacer\" data-id=\"68e0ff6\" data-element_type=\"widget\" data-widget_type=\"spacer.default\">\n\t\t\t\t<div class=\"elementor-widget-container\">\n\t\t\t\t\t<div class=\"elementor-spacer\">\n\t\t\t<div class=\"elementor-spacer-inner\"><\/div>\n\t\t<\/div>\n\t\t\t\t<\/div>\n\t\t\t\t<\/div>\n\t\t\t\t<section class=\"elementor-section elementor-inner-section elementor-element elementor-element-9e7198a elementor-section-boxed elementor-section-height-default elementor-section-height-default\" data-id=\"9e7198a\" data-element_type=\"section\">\n\t\t\t\t\t\t<div class=\"elementor-container elementor-column-gap-default\">\n\t\t\t\t\t<div class=\"elementor-column elementor-col-50 elementor-inner-column elementor-element elementor-element-583de99\" data-id=\"583de99\" data-element_type=\"column\">\n\t\t\t<div class=\"elementor-widget-wrap elementor-element-populated\">\n\t\t\t\t\t\t\t\t<div class=\"elementor-element elementor-element-81bdfef elementor-widget elementor-widget-image\" data-id=\"81bdfef\" data-element_type=\"widget\" data-widget_type=\"image.default\">\n\t\t\t\t<div class=\"elementor-widget-container\">\n\t\t\t\t\t\t\t\t\t\t\t\t\t\t\t<img loading=\"lazy\" decoding=\"async\" width=\"154\" height=\"185\" src=\"https:\/\/tech.si\/wp2021\/wp-content\/uploads\/2021\/12\/web_EAV1.png\" class=\"attachment-large size-large wp-image-294\" alt=\"\" \/>\t\t\t\t\t\t\t\t\t\t\t\t\t\t\t<\/div>\n\t\t\t\t<\/div>\n\t\t\t\t\t<\/div>\n\t\t<\/div>\n\t\t\t\t<div class=\"elementor-column elementor-col-50 elementor-inner-column elementor-element elementor-element-a4628cc\" data-id=\"a4628cc\" data-element_type=\"column\">\n\t\t\t<div class=\"elementor-widget-wrap elementor-element-populated\">\n\t\t\t\t\t\t\t\t<div class=\"elementor-element elementor-element-08ab684 elementor-widget elementor-widget-text-editor\" data-id=\"08ab684\" data-element_type=\"widget\" data-widget_type=\"text-editor.default\">\n\t\t\t\t<div class=\"elementor-widget-container\">\n\t\t\t\t\t\t\t<p><b>ESET NOD32 Antivirus<\/b><\/p><p>Namenjen za osnovno za\u0161\u010dito naprav s sistemom Windows in MacOS.<\/p>\t\t\t\t\t\t<\/div>\n\t\t\t\t<\/div>\n\t\t\t\t\t<\/div>\n\t\t<\/div>\n\t\t\t\t\t\t\t<\/div>\n\t\t<\/section>\n\t\t\t\t<div class=\"elementor-element elementor-element-1472e36 elementor-widget elementor-widget-spacer\" data-id=\"1472e36\" data-element_type=\"widget\" data-widget_type=\"spacer.default\">\n\t\t\t\t<div class=\"elementor-widget-container\">\n\t\t\t\t\t<div class=\"elementor-spacer\">\n\t\t\t<div class=\"elementor-spacer-inner\"><\/div>\n\t\t<\/div>\n\t\t\t\t<\/div>\n\t\t\t\t<\/div>\n\t\t\t\t<section class=\"elementor-section elementor-inner-section elementor-element elementor-element-4ef56bd elementor-section-boxed elementor-section-height-default elementor-section-height-default\" data-id=\"4ef56bd\" data-element_type=\"section\">\n\t\t\t\t\t\t<div class=\"elementor-container elementor-column-gap-default\">\n\t\t\t\t\t<div class=\"elementor-column elementor-col-50 elementor-inner-column elementor-element elementor-element-758d5fa\" data-id=\"758d5fa\" data-element_type=\"column\">\n\t\t\t<div class=\"elementor-widget-wrap elementor-element-populated\">\n\t\t\t\t\t\t\t\t<div class=\"elementor-element elementor-element-6bdc8ca elementor-widget elementor-widget-image\" data-id=\"6bdc8ca\" data-element_type=\"widget\" data-widget_type=\"image.default\">\n\t\t\t\t<div class=\"elementor-widget-container\">\n\t\t\t\t\t\t\t\t\t\t\t\t\t\t\t<img loading=\"lazy\" decoding=\"async\" width=\"154\" height=\"185\" src=\"https:\/\/tech.si\/wp2021\/wp-content\/uploads\/2021\/12\/web_EIS1.png\" class=\"attachment-large size-large wp-image-305\" alt=\"\" \/>\t\t\t\t\t\t\t\t\t\t\t\t\t\t\t<\/div>\n\t\t\t\t<\/div>\n\t\t\t\t\t<\/div>\n\t\t<\/div>\n\t\t\t\t<div class=\"elementor-column elementor-col-50 elementor-inner-column elementor-element elementor-element-fd8717c\" data-id=\"fd8717c\" data-element_type=\"column\">\n\t\t\t<div class=\"elementor-widget-wrap elementor-element-populated\">\n\t\t\t\t\t\t\t\t<div class=\"elementor-element elementor-element-1a2a011 elementor-widget elementor-widget-text-editor\" data-id=\"1a2a011\" data-element_type=\"widget\" data-widget_type=\"text-editor.default\">\n\t\t\t\t<div class=\"elementor-widget-container\">\n\t\t\t\t\t\t\t<p><b>ESET Internet Security<\/b><\/p><p>Namenjen za napredno za\u0161\u010dito, ter dodatnim varnostnim funkcijam za naprave s sistemom Windows, MacOS, ter tudi Android.<\/p>\t\t\t\t\t\t<\/div>\n\t\t\t\t<\/div>\n\t\t\t\t\t<\/div>\n\t\t<\/div>\n\t\t\t\t\t\t\t<\/div>\n\t\t<\/section>\n\t\t\t\t<div class=\"elementor-element elementor-element-da5171d elementor-widget elementor-widget-spacer\" data-id=\"da5171d\" data-element_type=\"widget\" data-widget_type=\"spacer.default\">\n\t\t\t\t<div class=\"elementor-widget-container\">\n\t\t\t\t\t<div class=\"elementor-spacer\">\n\t\t\t<div class=\"elementor-spacer-inner\"><\/div>\n\t\t<\/div>\n\t\t\t\t<\/div>\n\t\t\t\t<\/div>\n\t\t\t\t<section class=\"elementor-section elementor-inner-section elementor-element elementor-element-b98a979 elementor-section-boxed elementor-section-height-default elementor-section-height-default\" data-id=\"b98a979\" data-element_type=\"section\">\n\t\t\t\t\t\t<div class=\"elementor-container elementor-column-gap-default\">\n\t\t\t\t\t<div class=\"elementor-column elementor-col-50 elementor-inner-column elementor-element elementor-element-7a0348f\" data-id=\"7a0348f\" data-element_type=\"column\">\n\t\t\t<div class=\"elementor-widget-wrap elementor-element-populated\">\n\t\t\t\t\t\t\t\t<div class=\"elementor-element elementor-element-14bca01 elementor-widget elementor-widget-image\" data-id=\"14bca01\" data-element_type=\"widget\" data-widget_type=\"image.default\">\n\t\t\t\t<div class=\"elementor-widget-container\">\n\t\t\t\t\t\t\t\t\t\t\t\t\t\t\t<img loading=\"lazy\" decoding=\"async\" width=\"154\" height=\"185\" src=\"https:\/\/tech.si\/wp2021\/wp-content\/uploads\/2021\/12\/web_ESSP1.png\" class=\"attachment-large size-large wp-image-309\" alt=\"\" \/>\t\t\t\t\t\t\t\t\t\t\t\t\t\t\t<\/div>\n\t\t\t\t<\/div>\n\t\t\t\t\t<\/div>\n\t\t<\/div>\n\t\t\t\t<div class=\"elementor-column elementor-col-50 elementor-inner-column elementor-element elementor-element-8e6c2db\" data-id=\"8e6c2db\" data-element_type=\"column\">\n\t\t\t<div class=\"elementor-widget-wrap elementor-element-populated\">\n\t\t\t\t\t\t\t\t<div class=\"elementor-element elementor-element-02aba93 elementor-widget elementor-widget-text-editor\" data-id=\"02aba93\" data-element_type=\"widget\" data-widget_type=\"text-editor.default\">\n\t\t\t\t<div class=\"elementor-widget-container\">\n\t\t\t\t\t\t\t<p><b>ESET Smart Security Premium<\/b><\/p><p>Namenjen za proaktivno za\u0161\u010dito naprav s sistemom Windows, MacOS, ter tudi Android, saj nudi tudi \u0161ifriranje podatkov, upravljanje gesel, &#8230;<\/p>\t\t\t\t\t\t<\/div>\n\t\t\t\t<\/div>\n\t\t\t\t\t<\/div>\n\t\t<\/div>\n\t\t\t\t\t\t\t<\/div>\n\t\t<\/section>\n\t\t\t\t<div class=\"elementor-element elementor-element-7d752b2 elementor-widget elementor-widget-spacer\" data-id=\"7d752b2\" data-element_type=\"widget\" data-widget_type=\"spacer.default\">\n\t\t\t\t<div class=\"elementor-widget-container\">\n\t\t\t\t\t<div class=\"elementor-spacer\">\n\t\t\t<div class=\"elementor-spacer-inner\"><\/div>\n\t\t<\/div>\n\t\t\t\t<\/div>\n\t\t\t\t<\/div>\n\t\t\t\t<div class=\"elementor-element elementor-element-61423ef elementor-widget elementor-widget-text-editor\" data-id=\"61423ef\" data-element_type=\"widget\" data-widget_type=\"text-editor.default\">\n\t\t\t\t<div class=\"elementor-widget-container\">\n\t\t\t\t\t\t\t<p>\u010ce ste \u0161tudent ali upokojenec, nas kontaktirajte za posebne popuste !<\/p>\t\t\t\t\t\t<\/div>\n\t\t\t\t<\/div>\n\t\t\t\t\t<\/div>\n\t\t<\/div>\n\t\t\t\t<div class=\"elementor-column elementor-col-50 elementor-top-column elementor-element elementor-element-1593922\" data-id=\"1593922\" data-element_type=\"column\">\n\t\t\t<div class=\"elementor-widget-wrap elementor-element-populated\">\n\t\t\t\t\t\t\t\t<div class=\"elementor-element elementor-element-aaa4247 elementor-widget elementor-widget-heading\" data-id=\"aaa4247\" data-element_type=\"widget\" data-widget_type=\"heading.default\">\n\t\t\t\t<div class=\"elementor-widget-container\">\n\t\t\t<h2 class=\"elementor-heading-title elementor-size-default\">Poslovni uporabniki\/organizacije<\/h2>\t\t<\/div>\n\t\t\t\t<\/div>\n\t\t\t\t<div class=\"elementor-element elementor-element-697169b elementor-widget elementor-widget-text-editor\" data-id=\"697169b\" data-element_type=\"widget\" data-widget_type=\"text-editor.default\">\n\t\t\t\t<div class=\"elementor-widget-container\">\n\t\t\t\t\t\t\t<p>Za ve\u010dje \u0161tevilo uporabnikov, z mo\u017enostjo skupinskega upravljanja, ter naprednih varnostnih postopkov.<\/p>\t\t\t\t\t\t<\/div>\n\t\t\t\t<\/div>\n\t\t\t\t<div class=\"elementor-element elementor-element-8034d4d elementor-widget elementor-widget-spacer\" data-id=\"8034d4d\" data-element_type=\"widget\" data-widget_type=\"spacer.default\">\n\t\t\t\t<div class=\"elementor-widget-container\">\n\t\t\t\t\t<div class=\"elementor-spacer\">\n\t\t\t<div class=\"elementor-spacer-inner\"><\/div>\n\t\t<\/div>\n\t\t\t\t<\/div>\n\t\t\t\t<\/div>\n\t\t\t\t<div class=\"elementor-element elementor-element-66e92c2 elementor-widget elementor-widget-image\" data-id=\"66e92c2\" data-element_type=\"widget\" data-widget_type=\"image.default\">\n\t\t\t\t<div class=\"elementor-widget-container\">\n\t\t\t\t\t\t\t\t\t\t\t\t\t\t\t<img loading=\"lazy\" decoding=\"async\" width=\"354\" height=\"92\" src=\"https:\/\/tech.si\/wp2021\/wp-content\/uploads\/2021\/12\/web_eprot1.jpg\" class=\"attachment-large size-large wp-image-311\" alt=\"\" srcset=\"https:\/\/tech.si\/wp2021\/wp-content\/uploads\/2021\/12\/web_eprot1.jpg 354w, https:\/\/tech.si\/wp2021\/wp-content\/uploads\/2021\/12\/web_eprot1-300x78.jpg 300w\" sizes=\"auto, (max-width: 354px) 100vw, 354px\" \/>\t\t\t\t\t\t\t\t\t\t\t\t\t\t\t<\/div>\n\t\t\t\t<\/div>\n\t\t\t\t<div class=\"elementor-element elementor-element-4c9e7bb elementor-widget elementor-widget-text-editor\" data-id=\"4c9e7bb\" data-element_type=\"widget\" data-widget_type=\"text-editor.default\">\n\t\t\t\t<div class=\"elementor-widget-container\">\n\t\t\t\t\t\t\t<p>Dru\u017eina izdelkov ESET PROTECT je namenjena podjetjem in organizacijam z ve\u010djim \u0161tevilom uporabnikov (5 ali ve\u010d), ter (odvisno od razli\u010dice) poleg\u00a0 obse\u017enega nabora varnostnih funkcij ponuja tudi poenostavljeno upravljanje in nadzor nad stanjem na posameznih napravah, ter nadzor in posodobitve varnostne politike na daljavo.<\/p><p><b>ESET PROTECT Entry<\/b><\/p><ul><li>Nadzorna konzola v oblaku<\/li><li>Za\u0161\u010dita kon\u010dnih naprav<\/li><li>Za\u0161\u010dita datote\u010dnih stre\u017enikov<\/li><\/ul><p><b><br \/>ESET PROTECT Advanced<\/b><\/p><ul><li>vse funkcije ESET PROTECT Entry in<\/li><li>Popolno \u0161ifriranje diska<\/li><li>Obla\u010dni peskovnik za nove gro\u017enje<\/li><\/ul><p><b style=\"color: var( --e-global-color-text ); font-family: var( --e-global-typography-text-font-family ), Sans-serif; font-size: 1rem;\"><br \/>ESET PROTECT Complete<\/b><\/p><ul><li>vse funkcije Entry in Advanced in<\/li><li>Mail Security (antispam na stre\u017eniku)<\/li><li>Za\u0161\u010dita aplikacij v oblaku<\/li><\/ul>\t\t\t\t\t\t<\/div>\n\t\t\t\t<\/div>\n\t\t\t\t\t<\/div>\n\t\t<\/div>\n\t\t\t\t\t\t\t<\/div>\n\t\t<\/section>\n\t\t\t\t<section class=\"elementor-section elementor-top-section elementor-element elementor-element-5e6abca2 elementor-section-content-middle elementor-section-boxed elementor-section-height-default elementor-section-height-default\" data-id=\"5e6abca2\" data-element_type=\"section\" data-settings=\"{&quot;background_background&quot;:&quot;classic&quot;}\">\n\t\t\t\t\t\t<div class=\"elementor-container elementor-column-gap-no\">\n\t\t\t\t\t<div class=\"elementor-column elementor-col-100 elementor-top-column elementor-element elementor-element-5a7b2f70\" data-id=\"5a7b2f70\" data-element_type=\"column\">\n\t\t\t<div class=\"elementor-widget-wrap elementor-element-populated\">\n\t\t\t\t\t\t\t\t<div class=\"elementor-element elementor-element-43fd8863 elementor-widget elementor-widget-heading\" data-id=\"43fd8863\" data-element_type=\"widget\" data-widget_type=\"heading.default\">\n\t\t\t\t<div class=\"elementor-widget-container\">\n\t\t\t<h2 class=\"elementor-heading-title elementor-size-default\">Bi potrebovali ve\u010d informacij ?<\/h2>\t\t<\/div>\n\t\t\t\t<\/div>\n\t\t\t\t<div class=\"elementor-element elementor-element-b2d04f elementor-widget elementor-widget-heading\" data-id=\"b2d04f\" data-element_type=\"widget\" data-widget_type=\"heading.default\">\n\t\t\t\t<div class=\"elementor-widget-container\">\n\t\t\t<h5 class=\"elementor-heading-title elementor-size-default\">Kliknite na spodnji gumb in nam napi\u0161ite !<\/h5>\t\t<\/div>\n\t\t\t\t<\/div>\n\t\t\t\t<div class=\"elementor-element elementor-element-2b4376a6 elementor-align-center elementor-widget elementor-widget-button\" data-id=\"2b4376a6\" data-element_type=\"widget\" data-widget_type=\"button.default\">\n\t\t\t\t<div class=\"elementor-widget-container\">\n\t\t\t\t\t<div class=\"elementor-button-wrapper\">\n\t\t\t<a href=\"https:\/\/tech.si\/wp2021\/kontakt\/\" class=\"elementor-button-link elementor-button elementor-size-md\" role=\"button\">\n\t\t\t\t\t\t<span class=\"elementor-button-content-wrapper\">\n\t\t\t\t\t\t<span class=\"elementor-button-text\">Kontaktni obrazec<\/span>\n\t\t<\/span>\n\t\t\t\t\t<\/a>\n\t\t<\/div>\n\t\t\t\t<\/div>\n\t\t\t\t<\/div>\n\t\t\t\t\t<\/div>\n\t\t<\/div>\n\t\t\t\t\t\t\t<\/div>\n\t\t<\/section>\n\t\t\t\t<section class=\"elementor-section elementor-top-section elementor-element elementor-element-41359ad elementor-section-boxed elementor-section-height-default elementor-section-height-default\" data-id=\"41359ad\" data-element_type=\"section\">\n\t\t\t\t\t\t<div class=\"elementor-container elementor-column-gap-default\">\n\t\t\t\t\t<div class=\"elementor-column elementor-col-100 elementor-top-column elementor-element elementor-element-e2d1e2d\" data-id=\"e2d1e2d\" data-element_type=\"column\">\n\t\t\t<div class=\"elementor-widget-wrap elementor-element-populated\">\n\t\t\t\t\t\t\t\t<div class=\"elementor-element elementor-element-14b16b6 elementor-widget elementor-widget-image\" data-id=\"14b16b6\" data-element_type=\"widget\" data-widget_type=\"image.default\">\n\t\t\t\t<div class=\"elementor-widget-container\">\n\t\t\t\t\t\t\t\t\t\t\t\t\t\t\t<img loading=\"lazy\" decoding=\"async\" width=\"800\" height=\"422\" src=\"https:\/\/tech.si\/wp2021\/wp-content\/uploads\/2021\/12\/eset_protect_pregled-1024x540.jpg\" class=\"attachment-large size-large wp-image-350\" alt=\"\" srcset=\"https:\/\/tech.si\/wp2021\/wp-content\/uploads\/2021\/12\/eset_protect_pregled-1024x540.jpg 1024w, https:\/\/tech.si\/wp2021\/wp-content\/uploads\/2021\/12\/eset_protect_pregled-300x158.jpg 300w, https:\/\/tech.si\/wp2021\/wp-content\/uploads\/2021\/12\/eset_protect_pregled-768x405.jpg 768w, https:\/\/tech.si\/wp2021\/wp-content\/uploads\/2021\/12\/eset_protect_pregled.jpg 1340w\" sizes=\"auto, (max-width: 800px) 100vw, 800px\" \/>\t\t\t\t\t\t\t\t\t\t\t\t\t\t\t<\/div>\n\t\t\t\t<\/div>\n\t\t\t\t\t<\/div>\n\t\t<\/div>\n\t\t\t\t\t\t\t<\/div>\n\t\t<\/section>\n\t\t\t\t\t\t\t<\/div>\n\t\t","protected":false},"excerpt":{"rendered":"<p>IT varnost Kot na splo\u0161no velja za varnost, je tudi na podro\u010dju ra\u010dunalni\u0161ke in informacijske varnosti ravnanje uporabnika glavni rizi\u010dni faktor za nastanek te\u017eav, varnostnih incidentov, oku\u017eb in drugih ne\u017eelenih posledic na na\u0161i opremi. \u010ce na opremi (ra\u010dunalniku) delamo samo sami, potem je mo\u017enost tak\u0161nih dogodkov\u00a0 seveda manj\u0161a, \u0161e vedno pa ne moremo nadzorovati zadev, [&hellip;]<\/p>\n","protected":false},"author":1,"featured_media":0,"parent":0,"menu_order":0,"comment_status":"closed","ping_status":"closed","template":"","meta":{"footnotes":""},"class_list":["post-49","page","type-page","status-publish","hentry"],"_links":{"self":[{"href":"https:\/\/tech.si\/wp2021\/wp-json\/wp\/v2\/pages\/49","targetHints":{"allow":["GET"]}}],"collection":[{"href":"https:\/\/tech.si\/wp2021\/wp-json\/wp\/v2\/pages"}],"about":[{"href":"https:\/\/tech.si\/wp2021\/wp-json\/wp\/v2\/types\/page"}],"author":[{"embeddable":true,"href":"https:\/\/tech.si\/wp2021\/wp-json\/wp\/v2\/users\/1"}],"replies":[{"embeddable":true,"href":"https:\/\/tech.si\/wp2021\/wp-json\/wp\/v2\/comments?post=49"}],"version-history":[{"count":52,"href":"https:\/\/tech.si\/wp2021\/wp-json\/wp\/v2\/pages\/49\/revisions"}],"predecessor-version":[{"id":354,"href":"https:\/\/tech.si\/wp2021\/wp-json\/wp\/v2\/pages\/49\/revisions\/354"}],"wp:attachment":[{"href":"https:\/\/tech.si\/wp2021\/wp-json\/wp\/v2\/media?parent=49"}],"curies":[{"name":"wp","href":"https:\/\/api.w.org\/{rel}","templated":true}]}}